{"id":5825,"date":"2023-04-11T04:56:40","date_gmt":"2023-04-11T04:56:40","guid":{"rendered":"https:\/\/hbcd.wpenginepowered.com\/federal-partners\/"},"modified":"2025-05-23T21:23:23","modified_gmt":"2025-05-23T21:23:23","slug":"federal-partners","status":"publish","type":"page","link":"https:\/\/hbcdstudy.org\/es\/federal-partners\/","title":{"rendered":"Socios Federales"},"content":{"rendered":"<div id=\"pl-5825\"  class=\"panel-layout\" ><div id=\"pg-5825-0\"  class=\"panel-grid panel-has-style\" ><div class=\"hero-panel siteorigin-panels-stretch panel-row-style panel-row-style-for-5825-0\" data-stretch-type=\"full-width-stretch\" ><div id=\"pgc-5825-0-0\"  class=\"panel-grid-cell\" ><div id=\"panel-5825-0-0-0\" class=\"so-panel widget widget_sow-image panel-first-child\" data-index=\"0\" ><div\n\t\t\t\n\t\t\tclass=\"so-widget-sow-image so-widget-sow-image-default-8b5b6f678277-5825\"\n\t\t\t\n\t\t>\n<div class=\"sow-image-container\">\n\t\t<img \n\tsrc=\"https:\/\/hbcdstudy.org\/wp-content\/uploads\/2023\/05\/federal-partners.jpg\" width=\"1900\" height=\"650\" srcset=\"https:\/\/hbcdstudy.org\/wp-content\/uploads\/2023\/05\/federal-partners.jpg 1900w, https:\/\/hbcdstudy.org\/wp-content\/uploads\/2023\/05\/federal-partners-300x103.jpg 300w, https:\/\/hbcdstudy.org\/wp-content\/uploads\/2023\/05\/federal-partners-1024x350.jpg 1024w, https:\/\/hbcdstudy.org\/wp-content\/uploads\/2023\/05\/federal-partners-768x263.jpg 768w, https:\/\/hbcdstudy.org\/wp-content\/uploads\/2023\/05\/federal-partners-1536x525.jpg 1536w\" sizes=\"(max-width: 1900px) 100vw, 1900px\" title=\"Federal Partners\" alt=\"Federal Partners - image of NIH building\" \t\tclass=\"so-widget-image\"\/>\n\t<\/div>\n\n<\/div><\/div><div id=\"panel-5825-0-0-1\" class=\"so-panel widget widget_siteorigin-panels-builder panel-last-child\" data-index=\"1\" ><div id=\"pl-w672b093082ac1\"  class=\"panel-layout\" ><div id=\"pg-w672b093082ac1-0\"  class=\"panel-grid panel-no-style\" ><div id=\"pgc-w672b093082ac1-0-0\"  class=\"panel-grid-cell\" ><div id=\"panel-w672b093082ac1-0-0-0\" class=\"so-panel widget widget_sow-editor panel-first-child panel-last-child\" data-index=\"0\" ><div\n\t\t\t\n\t\t\tclass=\"so-widget-sow-editor so-widget-sow-editor-base\"\n\t\t\t\n\t\t>\n<div class=\"siteorigin-widget-tinymce textwidget\">\n\t<h1 style=\"text-align: center;\">Socios Federales<\/h1>\n<p style=\"text-align: center;\">Institutos, Centros y Oficinas Participantes de los NIH<\/p>\n<\/div>\n<\/div><\/div><\/div><\/div><\/div><\/div><\/div><\/div><\/div><div id=\"pg-5825-1\"  class=\"panel-grid panel-has-style\" ><div class=\"top-gap-medium federal-partner-boxes bottom-gap-large panel-row-style panel-row-style-for-5825-1\" ><div id=\"pgc-5825-1-0\"  class=\"panel-grid-cell\" ><div id=\"panel-5825-1-0-0\" class=\"so-panel widget widget_sow-editor panel-first-child panel-last-child\" data-index=\"2\" ><div\n\t\t\t\n\t\t\tclass=\"so-widget-sow-editor so-widget-sow-editor-base\"\n\t\t\t\n\t\t>\n<div class=\"siteorigin-widget-tinymce textwidget\">\n\t<div class=\"wpb_column vc_column_container vc_col-sm-1\/5\">\n<div class=\"vc_column-inner\">\n<div class=\"wpb_wrapper\"><a href=\"https:\/\/heal.nih.gov\/\"><img loading=\"lazy\" decoding=\"async\" class=\"alignnone wp-image-5890 size-full\" src=\"https:\/\/hbcdstudy.org\/wp-content\/uploads\/2024\/11\/HEAL2-300x152-2-1.gif\" alt=\"NIH Helping to End Addiction Longterm Initiative (HEAL)\" width=\"300\" height=\"152\" \/><\/a><\/div>\n<\/div>\n<\/div>\n<div class=\"wpb_column vc_column_container vc_col-sm-1\/5\">\n<div class=\"vc_column-inner\">\n<div class=\"wpb_wrapper\"><a href=\"https:\/\/espanol.ninds.nih.gov\/es\"><img loading=\"lazy\" decoding=\"async\" class=\"alignnone wp-image-5833 size-full\" src=\"https:\/\/hbcdstudy.org\/wp-content\/uploads\/2024\/11\/NINDS-300x152-1_sp-1.gif\" alt=\"Instituto Nacional de Trastornos Neurol\u00f3gicos &amp; Accidentes Cerebrovasculares (NINDS, por sus siglas en ingl\u00e9s)\" width=\"300\" height=\"152\" \/><\/a><\/div>\n<\/div>\n<\/div>\n<div class=\"wpb_column vc_column_container vc_col-sm-1\/5\">\n<div class=\"vc_column-inner\">\n<div class=\"wpb_wrapper\"><a href=\"https:\/\/www.nibib.nih.gov\/es\/nibib-en-espanol\"><img loading=\"lazy\" decoding=\"async\" class=\"alignnone wp-image-5839 size-full\" src=\"https:\/\/hbcdstudy.org\/wp-content\/uploads\/2024\/11\/NIBIB-300x152-1_sp.gif\" alt=\"Instituto Nacional de Im\u00e1genes Biom\u00e9dicas y Bioingenier\u00eda (NIBIB, por sus siglas en ingl\u00e9s) \" width=\"300\" height=\"152\" \/><\/a><\/div>\n<\/div>\n<\/div>\n<div class=\"wpb_column vc_column_container vc_col-sm-1\/5\">\n<div class=\"vc_column-inner\">\n<div class=\"wpb_wrapper\"><a href=\"https:\/\/obssr.od.nih.gov\/\"><img loading=\"lazy\" decoding=\"async\" class=\"alignnone wp-image-5882 size-full\" src=\"https:\/\/hbcdstudy.org\/wp-content\/uploads\/2024\/11\/OBSSR-300x152-2.gif\" alt=\"Office of Behavioral and Social Sciences Research (OBSSR)\" width=\"300\" height=\"152\" \/><\/a><\/div>\n<div><strong>* <\/strong><em>Disponible solo en ingl\u00e9s<\/em><\/div>\n<\/div>\n<\/div>\n<\/div>\n<\/div><\/div><\/div><div id=\"pgc-5825-1-1\"  class=\"panel-grid-cell\" ><div id=\"panel-5825-1-1-0\" class=\"so-panel widget widget_sow-editor panel-first-child panel-last-child\" data-index=\"3\" ><div\n\t\t\t\n\t\t\tclass=\"so-widget-sow-editor so-widget-sow-editor-base\"\n\t\t\t\n\t\t>\n<div class=\"siteorigin-widget-tinymce textwidget\">\n\t<div class=\"wpb_column vc_column_container vc_col-sm-1\/5\">\n<div class=\"vc_column-inner\">\n<div class=\"wpb_wrapper\"><a href=\"https:\/\/nida.nih.gov\/es\"><img loading=\"lazy\" decoding=\"async\" class=\"alignnone wp-image-5826 size-full\" src=\"https:\/\/hbcdstudy.org\/wp-content\/uploads\/2024\/11\/NIDA2-300x152-1_sp.gif\" alt=\"Instituto Nacional sobre el Abuso de Drogas de Estados Unidos (NIDA, por sus siglas en ingl\u00e9s)\" width=\"300\" height=\"152\" \/><\/a><\/div>\n<\/div>\n<\/div>\n<div class=\"wpb_column vc_column_container vc_col-sm-1\/5\">\n<div class=\"vc_column-inner\">\n<div class=\"wpb_wrapper\"><a href=\"https:\/\/www.niaaa.nih.gov\/alcohols-effects-health\/multilingual-health-information#topic-1\"><img loading=\"lazy\" decoding=\"async\" class=\"alignnone wp-image-5835 size-full\" src=\"https:\/\/hbcdstudy.org\/wp-content\/uploads\/2024\/11\/NIAAA-300x152-1_sp.gif\" alt=\"Instituto Nacional sobre el Abuso del Alcohol y el Alcoholismo (NIAAA, por sus siglas en ingl\u00e9s)\" width=\"300\" height=\"152\" \/><\/a><\/div>\n<\/div>\n<\/div>\n<div class=\"wpb_column vc_column_container vc_col-sm-1\/5\">\n<div class=\"vc_column-inner\">\n<div class=\"wpb_wrapper\"><a href=\"https:\/\/www.niehs.nih.gov\/health\/topics\/enfermedades\"><img loading=\"lazy\" decoding=\"async\" class=\"alignnone wp-image-5841 size-full\" src=\"https:\/\/hbcdstudy.org\/wp-content\/uploads\/2024\/11\/NIEHS-300x152-1_sp.gif\" alt=\"Instituto Nacional de Ciencias de la Salud Ambiental (NIEHS, por sus siglas en ingl\u00e9s)\" width=\"300\" height=\"152\" \/><\/a><\/div>\n<\/div>\n<\/div>\n<div class=\"wpb_column vc_column_container vc_col-sm-1\/5\">\n<div class=\"vc_column-inner\">\n<div class=\"wpb_wrapper\"><a href=\"https:\/\/orwh.od.nih.gov\/\"><img loading=\"lazy\" decoding=\"async\" class=\"alignnone wp-image-5886 size-full\" src=\"https:\/\/hbcdstudy.org\/wp-content\/uploads\/2024\/11\/ORWH-300x152-2.gif\" alt=\"Office of Research on Women's Health (ORWH)\" width=\"300\" height=\"152\" \/><\/a><\/div>\n<\/div>\n<\/div>\n<\/div>\n<\/div><\/div><\/div><div id=\"pgc-5825-1-2\"  class=\"panel-grid-cell\" ><div id=\"panel-5825-1-2-0\" class=\"so-panel widget widget_sow-editor panel-first-child panel-last-child\" data-index=\"4\" ><div\n\t\t\t\n\t\t\tclass=\"so-widget-sow-editor so-widget-sow-editor-base\"\n\t\t\t\n\t\t>\n<div class=\"siteorigin-widget-tinymce textwidget\">\n\t<div class=\"wpb_column vc_column_container vc_col-sm-1\/5\">\n<div class=\"vc_column-inner\">\n<div class=\"wpb_wrapper\"><a href=\"https:\/\/www.nimh.nih.gov\/health\/topics\/espanol\"><img loading=\"lazy\" decoding=\"async\" class=\"alignnone wp-image-5829 size-full\" src=\"https:\/\/hbcdstudy.org\/wp-content\/uploads\/2024\/11\/NIMH2-300x152-1_sp.gif\" alt=\"Instituto Nacional de la Salud Mental (NIMH, por sus siglas en ingl\u00e9s) \" width=\"300\" height=\"152\" \/><\/a><\/div>\n<\/div>\n<\/div>\n<div class=\"wpb_column vc_column_container vc_col-sm-1\/5\">\n<div class=\"vc_column-inner\">\n<div class=\"wpb_wrapper\"><a href=\"https:\/\/espanol.nichd.nih.gov\/\"><img loading=\"lazy\" decoding=\"async\" class=\"alignnone wp-image-5837 size-full\" src=\"https:\/\/hbcdstudy.org\/wp-content\/uploads\/2024\/11\/NICHD-300x152-1_sp.gif\" alt=\"Instituto Nacional de la Salud infantil y Desarrollo Humano Eunice Kennedy Shriver (NICHD, por sus siglas en ingl\u00e9s) \" width=\"300\" height=\"152\" \/><\/a><\/div>\n<\/div>\n<\/div>\n<div class=\"wpb_column vc_column_container vc_col-sm-1\/5\">\n<div class=\"vc_column-inner\">\n<div class=\"wpb_wrapper\"><a href=\"https:\/\/www.nimhd.nih.gov\/\"><img loading=\"lazy\" decoding=\"async\" class=\"alignnone wp-image-5880 size-full\" src=\"https:\/\/hbcdstudy.org\/wp-content\/uploads\/2024\/11\/NIMHD-300x152-1_sp2.gif\" alt=\"Instituto Nacional de Salud de Las Minor\u00edas y Disparidades en la Salud \" width=\"300\" height=\"152\" \/><\/a><\/div>\n<\/div>\n<\/div>\n<div class=\"wpb_column vc_column_container vc_col-sm-1\/5\">\n<div class=\"vc_column-inner\">\n<div class=\"wpb_wrapper\"><a href=\"https:\/\/www.nei.nih.gov\/espanol\"><img loading=\"lazy\" decoding=\"async\" class=\"alignnone wp-image-5847 size-full\" src=\"https:\/\/hbcdstudy.org\/wp-content\/uploads\/2024\/11\/NEI-300x152-1_sp.gif\" alt=\"Instituto Nacional del Ojo (NEI, por sus siglas en ingl\u00e9s)\" width=\"300\" height=\"152\" \/><\/a><\/div>\n<\/div>\n<\/div>\n<\/div>\n<\/div><\/div><\/div><\/div><\/div><\/div>","protected":false},"excerpt":{"rendered":"<p>* Disponible solo en ingl\u00e9s<\/p>\n","protected":false},"author":1,"featured_media":0,"parent":0,"menu_order":68,"comment_status":"closed","ping_status":"closed","template":"","meta":{"_acf_changed":false,"inline_featured_image":false,"_monsterinsights_skip_tracking":false,"_monsterinsights_sitenote_active":false,"_monsterinsights_sitenote_note":"","_monsterinsights_sitenote_category":0,"_uf_show_specific_survey":0,"_uf_disable_surveys":false,"_genesis_hide_title":false,"_genesis_hide_breadcrumbs":false,"_genesis_hide_singular_image":false,"_genesis_hide_footer_widgets":false,"_genesis_custom_body_class":"show-language-widget","_genesis_custom_post_class":"","_genesis_layout":"","footnotes":""},"class_list":{"0":"post-5825","1":"page","2":"type-page","3":"status-publish","5":"entry","6":"has-post-thumbnail"},"acf":[],"yoast_head":"<!-- This site is optimized with the Yoast SEO plugin v27.4 - https:\/\/yoast.com\/product\/yoast-seo-wordpress\/ -->\n<title>Socios Federales - Healthy Brain and Child Development<\/title>\n<meta name=\"robots\" content=\"index, follow, max-snippet:-1, max-image-preview:large, max-video-preview:-1\" \/>\n<link rel=\"canonical\" href=\"https:\/\/hbcdstudy.org\/federal-partners\/\" \/>\n<meta property=\"og:locale\" content=\"es_ES\" \/>\n<meta property=\"og:type\" content=\"article\" \/>\n<meta property=\"og:title\" content=\"Socios Federales - Healthy Brain and Child Development\" \/>\n<meta property=\"og:description\" content=\"* Disponible solo en ingl\u00e9s\" \/>\n<meta property=\"og:url\" content=\"https:\/\/hbcdstudy.org\/federal-partners\/\" \/>\n<meta property=\"og:site_name\" content=\"Healthy Brain and Child Development\" \/>\n<meta property=\"article:publisher\" content=\"https:\/\/www.facebook.com\/hbcdstudy\" \/>\n<meta property=\"article:modified_time\" content=\"2025-05-23T21:23:23+00:00\" \/>\n<meta property=\"og:image\" content=\"https:\/\/hbcdstudy.org\/wp-content\/uploads\/2024\/11\/HEAL2-300x152-2-1.gif\" \/>\n<meta name=\"twitter:card\" content=\"summary_large_image\" \/>\n<meta name=\"twitter:label1\" content=\"Tiempo de lectura\" \/>\n\t<meta name=\"twitter:data1\" content=\"3 minutos\" \/>\n<script type=\"application\/ld+json\" class=\"yoast-schema-graph\">{\"@context\":\"https:\\\/\\\/schema.org\",\"@graph\":[{\"@type\":\"WebPage\",\"@id\":\"https:\\\/\\\/hbcdstudy.org\\\/federal-partners\\\/\",\"url\":\"https:\\\/\\\/hbcdstudy.org\\\/federal-partners\\\/\",\"name\":\"Socios Federales - Healthy Brain and Child Development\",\"isPartOf\":{\"@id\":\"https:\\\/\\\/hbcdstudy.org\\\/#website\"},\"primaryImageOfPage\":{\"@id\":\"https:\\\/\\\/hbcdstudy.org\\\/federal-partners\\\/#primaryimage\"},\"image\":{\"@id\":\"https:\\\/\\\/hbcdstudy.org\\\/federal-partners\\\/#primaryimage\"},\"thumbnailUrl\":\"https:\\\/\\\/hbcdstudy.org\\\/wp-content\\\/uploads\\\/2024\\\/11\\\/HEAL2-300x152-2-1.gif\",\"datePublished\":\"2023-04-11T04:56:40+00:00\",\"dateModified\":\"2025-05-23T21:23:23+00:00\",\"breadcrumb\":{\"@id\":\"https:\\\/\\\/hbcdstudy.org\\\/federal-partners\\\/#breadcrumb\"},\"inLanguage\":\"es\",\"potentialAction\":[{\"@type\":\"ReadAction\",\"target\":[\"https:\\\/\\\/hbcdstudy.org\\\/federal-partners\\\/\"]}]},{\"@type\":\"ImageObject\",\"inLanguage\":\"es\",\"@id\":\"https:\\\/\\\/hbcdstudy.org\\\/federal-partners\\\/#primaryimage\",\"url\":\"https:\\\/\\\/hbcdstudy.org\\\/wp-content\\\/uploads\\\/2024\\\/11\\\/HEAL2-300x152-2-1.gif\",\"contentUrl\":\"https:\\\/\\\/hbcdstudy.org\\\/wp-content\\\/uploads\\\/2024\\\/11\\\/HEAL2-300x152-2-1.gif\"},{\"@type\":\"BreadcrumbList\",\"@id\":\"https:\\\/\\\/hbcdstudy.org\\\/federal-partners\\\/#breadcrumb\",\"itemListElement\":[{\"@type\":\"ListItem\",\"position\":1,\"name\":\"Home\",\"item\":\"https:\\\/\\\/hbcdstudy.org\\\/es\\\/\"},{\"@type\":\"ListItem\",\"position\":2,\"name\":\"Socios Federales\"}]},{\"@type\":\"WebSite\",\"@id\":\"https:\\\/\\\/hbcdstudy.org\\\/#website\",\"url\":\"https:\\\/\\\/hbcdstudy.org\\\/\",\"name\":\"HEALthy Brain and Child Development (HBCD) Study\",\"description\":\"\",\"publisher\":{\"@id\":\"https:\\\/\\\/hbcdstudy.org\\\/#organization\"},\"potentialAction\":[{\"@type\":\"SearchAction\",\"target\":{\"@type\":\"EntryPoint\",\"urlTemplate\":\"https:\\\/\\\/hbcdstudy.org\\\/?s={search_term_string}\"},\"query-input\":{\"@type\":\"PropertyValueSpecification\",\"valueRequired\":true,\"valueName\":\"search_term_string\"}}],\"inLanguage\":\"es\"},{\"@type\":\"Organization\",\"@id\":\"https:\\\/\\\/hbcdstudy.org\\\/#organization\",\"name\":\"HEALthy Brain and Child Development (HBCD) Study\",\"url\":\"https:\\\/\\\/hbcdstudy.org\\\/\",\"logo\":{\"@type\":\"ImageObject\",\"inLanguage\":\"es\",\"@id\":\"https:\\\/\\\/hbcdstudy.org\\\/#\\\/schema\\\/logo\\\/image\\\/\",\"url\":\"https:\\\/\\\/hbcdstudy.org\\\/wp-content\\\/uploads\\\/2025\\\/07\\\/download.jpg\",\"contentUrl\":\"https:\\\/\\\/hbcdstudy.org\\\/wp-content\\\/uploads\\\/2025\\\/07\\\/download.jpg\",\"width\":265,\"height\":148,\"caption\":\"HEALthy Brain and Child Development (HBCD) Study\"},\"image\":{\"@id\":\"https:\\\/\\\/hbcdstudy.org\\\/#\\\/schema\\\/logo\\\/image\\\/\"},\"sameAs\":[\"https:\\\/\\\/www.facebook.com\\\/hbcdstudy\",\"https:\\\/\\\/www.instagram.com\\\/hbcdstudy\\\/\",\"https:\\\/\\\/www.youtube.com\\\/@HBCD-Study\"]}]}<\/script>\n<!-- \/ Yoast SEO plugin. -->","yoast_head_json":{"title":"Socios Federales - Healthy Brain and Child Development","robots":{"index":"index","follow":"follow","max-snippet":"max-snippet:-1","max-image-preview":"max-image-preview:large","max-video-preview":"max-video-preview:-1"},"canonical":"https:\/\/hbcdstudy.org\/federal-partners\/","og_locale":"es_ES","og_type":"article","og_title":"Socios Federales - Healthy Brain and Child Development","og_description":"* Disponible solo en ingl\u00e9s","og_url":"https:\/\/hbcdstudy.org\/federal-partners\/","og_site_name":"Healthy Brain and Child Development","article_publisher":"https:\/\/www.facebook.com\/hbcdstudy","article_modified_time":"2025-05-23T21:23:23+00:00","og_image":[{"url":"https:\/\/hbcdstudy.org\/wp-content\/uploads\/2024\/11\/HEAL2-300x152-2-1.gif","type":"","width":"","height":""}],"twitter_card":"summary_large_image","twitter_misc":{"Tiempo de lectura":"3 minutos"},"schema":{"@context":"https:\/\/schema.org","@graph":[{"@type":"WebPage","@id":"https:\/\/hbcdstudy.org\/federal-partners\/","url":"https:\/\/hbcdstudy.org\/federal-partners\/","name":"Socios Federales - Healthy Brain and Child Development","isPartOf":{"@id":"https:\/\/hbcdstudy.org\/#website"},"primaryImageOfPage":{"@id":"https:\/\/hbcdstudy.org\/federal-partners\/#primaryimage"},"image":{"@id":"https:\/\/hbcdstudy.org\/federal-partners\/#primaryimage"},"thumbnailUrl":"https:\/\/hbcdstudy.org\/wp-content\/uploads\/2024\/11\/HEAL2-300x152-2-1.gif","datePublished":"2023-04-11T04:56:40+00:00","dateModified":"2025-05-23T21:23:23+00:00","breadcrumb":{"@id":"https:\/\/hbcdstudy.org\/federal-partners\/#breadcrumb"},"inLanguage":"es","potentialAction":[{"@type":"ReadAction","target":["https:\/\/hbcdstudy.org\/federal-partners\/"]}]},{"@type":"ImageObject","inLanguage":"es","@id":"https:\/\/hbcdstudy.org\/federal-partners\/#primaryimage","url":"https:\/\/hbcdstudy.org\/wp-content\/uploads\/2024\/11\/HEAL2-300x152-2-1.gif","contentUrl":"https:\/\/hbcdstudy.org\/wp-content\/uploads\/2024\/11\/HEAL2-300x152-2-1.gif"},{"@type":"BreadcrumbList","@id":"https:\/\/hbcdstudy.org\/federal-partners\/#breadcrumb","itemListElement":[{"@type":"ListItem","position":1,"name":"Home","item":"https:\/\/hbcdstudy.org\/es\/"},{"@type":"ListItem","position":2,"name":"Socios Federales"}]},{"@type":"WebSite","@id":"https:\/\/hbcdstudy.org\/#website","url":"https:\/\/hbcdstudy.org\/","name":"HEALthy Brain and Child Development (HBCD) Study","description":"","publisher":{"@id":"https:\/\/hbcdstudy.org\/#organization"},"potentialAction":[{"@type":"SearchAction","target":{"@type":"EntryPoint","urlTemplate":"https:\/\/hbcdstudy.org\/?s={search_term_string}"},"query-input":{"@type":"PropertyValueSpecification","valueRequired":true,"valueName":"search_term_string"}}],"inLanguage":"es"},{"@type":"Organization","@id":"https:\/\/hbcdstudy.org\/#organization","name":"HEALthy Brain and Child Development (HBCD) Study","url":"https:\/\/hbcdstudy.org\/","logo":{"@type":"ImageObject","inLanguage":"es","@id":"https:\/\/hbcdstudy.org\/#\/schema\/logo\/image\/","url":"https:\/\/hbcdstudy.org\/wp-content\/uploads\/2025\/07\/download.jpg","contentUrl":"https:\/\/hbcdstudy.org\/wp-content\/uploads\/2025\/07\/download.jpg","width":265,"height":148,"caption":"HEALthy Brain and Child Development (HBCD) Study"},"image":{"@id":"https:\/\/hbcdstudy.org\/#\/schema\/logo\/image\/"},"sameAs":["https:\/\/www.facebook.com\/hbcdstudy","https:\/\/www.instagram.com\/hbcdstudy\/","https:\/\/www.youtube.com\/@HBCD-Study"]}]}},"_links":{"self":[{"href":"https:\/\/hbcdstudy.org\/es\/wp-json\/wp\/v2\/pages\/5825","targetHints":{"allow":["GET"]}}],"collection":[{"href":"https:\/\/hbcdstudy.org\/es\/wp-json\/wp\/v2\/pages"}],"about":[{"href":"https:\/\/hbcdstudy.org\/es\/wp-json\/wp\/v2\/types\/page"}],"author":[{"embeddable":true,"href":"https:\/\/hbcdstudy.org\/es\/wp-json\/wp\/v2\/users\/1"}],"replies":[{"embeddable":true,"href":"https:\/\/hbcdstudy.org\/es\/wp-json\/wp\/v2\/comments?post=5825"}],"version-history":[{"count":0,"href":"https:\/\/hbcdstudy.org\/es\/wp-json\/wp\/v2\/pages\/5825\/revisions"}],"wp:attachment":[{"href":"https:\/\/hbcdstudy.org\/es\/wp-json\/wp\/v2\/media?parent=5825"}],"curies":[{"name":"wp","href":"https:\/\/api.w.org\/{rel}","templated":true}]}}