{"id":3772,"date":"2023-03-31T09:36:14","date_gmt":"2023-03-31T09:36:14","guid":{"rendered":"https:\/\/hbcd.wpenginepowered.com\/families\/"},"modified":"2026-04-09T15:35:07","modified_gmt":"2026-04-09T15:35:07","slug":"families","status":"publish","type":"page","link":"https:\/\/hbcdstudy.org\/es\/families\/","title":{"rendered":"Familias"},"content":{"rendered":"<div id=\"pl-3772\"  class=\"panel-layout\" ><div id=\"pg-3772-0\"  class=\"panel-grid panel-has-style\" ><div class=\"hero-panel siteorigin-panels-stretch panel-row-style panel-row-style-for-3772-0\" data-stretch-type=\"full-width-stretch\" ><div id=\"pgc-3772-0-0\"  class=\"panel-grid-cell\" ><div id=\"panel-3772-0-0-0\" class=\"so-panel widget widget_sow-image panel-first-child\" data-index=\"0\" ><div\n\t\t\t\n\t\t\tclass=\"so-widget-sow-image so-widget-sow-image-default-8b5b6f678277-3772\"\n\t\t\t\n\t\t>\n<div class=\"sow-image-container\">\n\t\t<img \n\tsrc=\"https:\/\/hbcdstudy.org\/wp-content\/uploads\/2023\/04\/families-banner-scaled.jpg\" width=\"2560\" height=\"1079\" srcset=\"https:\/\/hbcdstudy.org\/wp-content\/uploads\/2023\/04\/families-banner-scaled.jpg 2560w, https:\/\/hbcdstudy.org\/wp-content\/uploads\/2023\/04\/families-banner-300x126.jpg 300w, https:\/\/hbcdstudy.org\/wp-content\/uploads\/2023\/04\/families-banner-1024x432.jpg 1024w, https:\/\/hbcdstudy.org\/wp-content\/uploads\/2023\/04\/families-banner-768x324.jpg 768w, https:\/\/hbcdstudy.org\/wp-content\/uploads\/2023\/04\/families-banner-1536x648.jpg 1536w, https:\/\/hbcdstudy.org\/wp-content\/uploads\/2023\/04\/families-banner-2048x863.jpg 2048w\" sizes=\"(max-width: 2560px) 100vw, 2560px\" title=\"Families Banner\" alt=\"Family\" \t\tclass=\"so-widget-image\"\/>\n\t<\/div>\n\n<\/div><\/div><div id=\"panel-3772-0-0-1\" class=\"so-panel widget widget_siteorigin-panels-builder panel-last-child\" data-index=\"1\" ><div id=\"pl-w648cadb8b1368\"  class=\"panel-layout\" ><div id=\"pg-w648cadb8b1368-0\"  class=\"panel-grid panel-no-style\" ><div id=\"pgc-w648cadb8b1368-0-0\"  class=\"panel-grid-cell\" ><div id=\"panel-w648cadb8b1368-0-0-0\" class=\"so-panel widget widget_sow-editor panel-first-child panel-last-child\" data-index=\"0\" ><div\n\t\t\t\n\t\t\tclass=\"so-widget-sow-editor so-widget-sow-editor-base\"\n\t\t\t\n\t\t>\n<div class=\"siteorigin-widget-tinymce textwidget\">\n\t<h1 style=\"text-align: center;\">Para las Familias<\/h1>\n<p style=\"text-align: center;\">Esfuerzo por marcar la diferencia para las generaciones futuras<\/p>\n<\/div>\n<\/div><\/div><\/div><\/div><\/div><\/div><\/div><\/div><\/div><div id=\"pg-3772-1\"  class=\"panel-grid panel-has-style\" ><div class=\"top-gap-medium question-list bottom-gap-large panel-row-style panel-row-style-for-3772-1\" ><div id=\"pgc-3772-1-0\"  class=\"panel-grid-cell\" ><div id=\"panel-3772-1-0-0\" class=\"so-panel widget widget_sow-video panel-first-child panel-last-child\" data-index=\"2\" ><div\n\t\t\t\n\t\t\tclass=\"so-widget-sow-video so-widget-sow-video-default-c08170c47cfb-3772\"\n\t\t\t\n\t\t>\n<div class=\"sow-video-wrapper\n\">\n\t\t\t<iframe loading=\"lazy\" title=\"HBCD - Testimonios\" width=\"640\" height=\"360\" src=\"https:\/\/www.youtube.com\/embed\/lCckdP0DgOA?feature=oembed&enablejsapi=1\" frameborder=\"0\" allow=\"accelerometer; autoplay; clipboard-write; encrypted-media; gyroscope; picture-in-picture; web-share\" referrerpolicy=\"strict-origin-when-cross-origin\" allowfullscreen allowfullscreen mozallowfullscreen webkitallowfullscreen sandbox=\"allow-scripts allow-same-origin allow-presentation\"><\/iframe>\t<\/div>\n<\/div><\/div><\/div><div id=\"pgc-3772-1-1\"  class=\"panel-grid-cell panel-grid-cell-empty\" ><\/div><div id=\"pgc-3772-1-2\"  class=\"panel-grid-cell\" ><div id=\"panel-3772-1-2-0\" class=\"so-panel widget widget_sow-editor panel-first-child panel-last-child\" data-index=\"3\" ><div\n\t\t\t\n\t\t\tclass=\"so-widget-sow-editor so-widget-sow-editor-base\"\n\t\t\t\n\t\t>\n<div class=\"siteorigin-widget-tinymce textwidget\">\n\t<h2>ACERCA DEL ESTUDIO<\/h2>\n<p>El Estudio HBCD inscribir\u00e1 a aproximadamente 7,500 familias participantes de todo los Estados Unidos y realizar\u00e1 un seguimiento a ellas y a sus hijos durante la infancia temprana. Queremos comprender c\u00f3mo se desarrolla el cerebro y c\u00f3mo se ve afectado por la exposici\u00f3n a sustancias y otras condiciones ambientales durante el embarazo y despu\u00e9s del nacimiento del beb\u00e9.<\/p>\n<p>Juntos, podemos encontrar respuestas a las preguntas que usted y muchos otros padres y cuidadores pueden hacer, tales como:<\/p>\n<ul>\n<li>\u00bfC\u00f3mo influyen los genes y las experiencias en el desarrollo y el comportamiento?<\/li>\n<li>\u00bfC\u00f3mo se ve afectado el desarrollo por el contacto temprano con opioides, tabaco y otras sustancias?<\/li>\n<li>\u00bfExisten experiencias clave en las primeras etapas del desarrollo que afecten la salud y el bienestar de un ni\u00f1o en el futuro?<\/li>\n<li>\u00bfHay periodos durante el desarrollo temprano que presentan oportunidades para intervenir que ayudar\u00e1n a los ni\u00f1os a ser m\u00e1s saludables y felices?<\/li>\n<li>\u00bfC\u00f3mo afectan a su salud las interacciones de los ni\u00f1os con sus padres o cuidadores?<\/li>\n<\/ul>\n<\/div>\n<\/div><\/div><\/div><\/div><\/div><div id=\"pg-3772-2\"  class=\"panel-grid panel-has-style\" ><div class=\"top-gap-medium curve-area bottom-gap-medium siteorigin-panels-stretch panel-row-style panel-row-style-for-3772-2\" data-stretch-type=\"full\" ><div class=\"so-panels-full-wrapper\" ><div id=\"pgc-3772-2-0\"  class=\"panel-grid-cell\" ><div id=\"panel-3772-2-0-0\" class=\"so-panel widget widget_sow-editor panel-first-child panel-last-child\" data-index=\"4\" ><div class=\"right-space panel-widget-style panel-widget-style-for-3772-2-0-0\" ><div\n\t\t\t\n\t\t\tclass=\"so-widget-sow-editor so-widget-sow-editor-base\"\n\t\t\t\n\t\t>\n<div class=\"siteorigin-widget-tinymce textwidget\">\n\t<h2>IMPORTANCIA DEL ESTUDIO<\/h2>\n<p>Los primeros a\u00f1os de vida son un per\u00edodo de r\u00e1pido crecimiento y desarrollo cerebral. Hay muchos factores que pueden afectar el desarrollo de los ni\u00f1os, pero se sabe poco sobre c\u00f3mo estos factores afectan la salud. El Estudio HBCD nos ayudar\u00e1 a comprender c\u00f3mo el desarrollo infantil puede verse afectado por la exposici\u00f3n a experiencias y condiciones sociales y ambientales, incluida la exposici\u00f3n a sustancias (como opioides, alcohol, tabaco y cannabis) durante el embarazo.<\/p>\n<p>Los avances recientes en tecnolog\u00eda y desarrollos en investigaci\u00f3n nos permiten analizar con m\u00e1s detalle c\u00f3mo las exposiciones tempranas interact\u00faan con el desarrollo del cerebro y otros aspectos sociales y de salud. Los resultados del Estudio HBCD proporcionar\u00e1n informaci\u00f3n que los padres, cuidadores y profesionales de la salud pueden utilizar para mejorar el bienestar de los ni\u00f1os.<\/p>\n<\/div>\n<\/div><\/div><\/div><\/div><div id=\"pgc-3772-2-1\"  class=\"panel-grid-cell\" ><div id=\"panel-3772-2-1-0\" class=\"so-panel widget widget_sow-image panel-first-child panel-last-child\" data-index=\"5\" ><div\n\t\t\t\n\t\t\tclass=\"so-widget-sow-image so-widget-sow-image-default-8b5b6f678277-3772\"\n\t\t\t\n\t\t>\n<div class=\"sow-image-container\">\n\t\t<img \n\tsrc=\"https:\/\/hbcdstudy.org\/wp-content\/uploads\/2023\/04\/study-signifinance.jpg\" width=\"1318\" height=\"872\" srcset=\"https:\/\/hbcdstudy.org\/wp-content\/uploads\/2023\/04\/study-signifinance.jpg 1318w, https:\/\/hbcdstudy.org\/wp-content\/uploads\/2023\/04\/study-signifinance-300x198.jpg 300w, https:\/\/hbcdstudy.org\/wp-content\/uploads\/2023\/04\/study-signifinance-1024x677.jpg 1024w, https:\/\/hbcdstudy.org\/wp-content\/uploads\/2023\/04\/study-signifinance-768x508.jpg 768w\" sizes=\"(max-width: 1318px) 100vw, 1318px\" title=\"Study Signifinance\" alt=\"Babies on a bed\" \t\tclass=\"so-widget-image\"\/>\n\t<\/div>\n\n<\/div><\/div><\/div><\/div><\/div><\/div><div id=\"pg-3772-3\"  class=\"panel-grid panel-has-style\" ><div class=\"top-gap-large question-list list-icon-baby curve-area study-area bottom-gap-large siteorigin-panels-stretch panel-row-style panel-row-style-for-3772-3\" data-stretch-type=\"full\" ><div class=\"so-panels-full-wrapper\" ><div id=\"pgc-3772-3-0\"  class=\"panel-grid-cell\" ><div id=\"panel-3772-3-0-0\" class=\"so-panel widget widget_sow-editor panel-first-child panel-last-child\" data-index=\"6\" ><div\n\t\t\t\n\t\t\tclass=\"so-widget-sow-editor so-widget-sow-editor-base\"\n\t\t\t\n\t\t>\n<div class=\"siteorigin-widget-tinymce textwidget\">\n\t<p id=\"study-procedures\">\n<h2>PROCEDIMIENTOS DE ESTUDIO<\/h2>\n<p>Durante estas visitas, se le pedir\u00e1 que complete entrevistas y cuestionarios.<br \/>\nAdem\u00e1s, se le pedir\u00e1 a usted y\/o a su hijo que:<\/p>\n<ul>\n<li>Proporcione muestras, como sangre (padres biol\u00f3gicos), orina y saliva (padres biol\u00f3gicos e hijo)\u200b<\/li>\n<li>Participe en evaluaciones de comportamiento<\/li>\n<li>Usar rastreadores de actividad y\/o frecuencia card\u00edaca por cortos per\u00edodos de tiempo<\/li>\n<li>Se someta a m\u00e9todos seguros y no invasivos que brindan im\u00e1genes del cerebro de su hijo y midan su actividad cerebral<\/li>\n<li>Nos permita recopilar medidas de crecimiento<\/li>\n<li>Proporcione informaci\u00f3n sobre el desarrollo social, emocional y cognitivo de su hijo<\/li>\n<\/ul>\n<p><strong>*Despu\u00e9s del primer a\u00f1o, algunas de estas evaluaciones se repetir\u00e1n cada a\u00f1o<\/strong><\/p>\n<\/div>\n<\/div><\/div><\/div><div id=\"pgc-3772-3-1\"  class=\"panel-grid-cell\" ><div id=\"panel-3772-3-1-0\" class=\"so-panel widget widget_sow-video panel-first-child panel-last-child\" data-index=\"7\" ><div\n\t\t\t\n\t\t\tclass=\"so-widget-sow-video so-widget-sow-video-default-c08170c47cfb-3772\"\n\t\t\t\n\t\t><h3 class=\"widget-title\">V\u00eddeo del procedimiento de resonancia magn\u00e9tica <em>(Magnetic Resonance Imaging, MRI)<\/em><\/h3>\n<div class=\"sow-video-wrapper\n\">\n\t\t\t<iframe loading=\"lazy\" title=\"HEALthy Brain and Child Development (HBCD) Study - HBCD MRI Procedure with participating parent Q&amp;A\" width=\"640\" height=\"360\" src=\"https:\/\/www.youtube.com\/embed\/hPUqvlQkSvA?feature=oembed&enablejsapi=1\" frameborder=\"0\" allow=\"accelerometer; autoplay; clipboard-write; encrypted-media; gyroscope; picture-in-picture; web-share\" referrerpolicy=\"strict-origin-when-cross-origin\" allowfullscreen allowfullscreen mozallowfullscreen webkitallowfullscreen sandbox=\"allow-scripts allow-same-origin allow-presentation\"><\/iframe>\t<\/div>\n<\/div><\/div><\/div><\/div><\/div><\/div><div id=\"pg-3772-4\"  class=\"panel-grid panel-has-style\" ><div class=\"timeline-area siteorigin-panels-stretch panel-row-style panel-row-style-for-3772-4\" data-stretch-type=\"full\" ><div class=\"so-panels-full-wrapper\" ><div id=\"pgc-3772-4-0\"  class=\"panel-grid-cell\" ><div id=\"panel-3772-4-0-0\" class=\"so-panel widget widget_sow-image panel-first-child panel-last-child\" data-index=\"8\" ><div\n\t\t\t\n\t\t\tclass=\"so-widget-sow-image so-widget-sow-image-default-8b5b6f678277-3772\"\n\t\t\t\n\t\t>\n<div class=\"sow-image-container\">\n\t\t<img \n\tsrc=\"https:\/\/hbcdstudy.org\/wp-content\/uploads\/2025\/04\/timelines_es-1536x827-updated.png\" width=\"1536\" height=\"827\" srcset=\"https:\/\/hbcdstudy.org\/wp-content\/uploads\/2025\/04\/timelines_es-1536x827-updated.png 1536w, https:\/\/hbcdstudy.org\/wp-content\/uploads\/2025\/04\/timelines_es-1536x827-updated-300x162.png 300w, https:\/\/hbcdstudy.org\/wp-content\/uploads\/2025\/04\/timelines_es-1536x827-updated-1024x551.png 1024w, https:\/\/hbcdstudy.org\/wp-content\/uploads\/2025\/04\/timelines_es-1536x827-updated-768x414.png 768w\" sizes=\"(max-width: 1536px) 100vw, 1536px\" title=\"Cronograma de Eventos\" alt=\"Cronograma de Eventos\" \t\tclass=\"so-widget-image\"\/>\n\t<\/div>\n\n<\/div><\/div><\/div><\/div><\/div><\/div><\/div>","protected":false},"excerpt":{"rendered":"<p>ACERCA DEL ESTUDIO El Estudio HBCD inscribir\u00e1 a aproximadamente 7,500 familias participantes de todo los Estados Unidos y realizar\u00e1 un seguimiento a ellas y a sus hijos durante la infancia temprana. Queremos comprender c\u00f3mo se&#8230; <br \/><a class=\"read-more\" title=\"FULL STORY\" href=\"https:\/\/hbcdstudy.org\/es\/families\/\">Read More<\/a><\/p>\n","protected":false},"author":1,"featured_media":0,"parent":0,"menu_order":56,"comment_status":"closed","ping_status":"closed","template":"","meta":{"_acf_changed":false,"inline_featured_image":false,"_monsterinsights_skip_tracking":false,"_monsterinsights_sitenote_active":false,"_monsterinsights_sitenote_note":"","_monsterinsights_sitenote_category":0,"_uf_show_specific_survey":0,"_uf_disable_surveys":false,"_genesis_hide_title":false,"_genesis_hide_breadcrumbs":false,"_genesis_hide_singular_image":false,"_genesis_hide_footer_widgets":false,"_genesis_custom_body_class":"families show-language-widget","_genesis_custom_post_class":"","_genesis_layout":"","footnotes":""},"class_list":{"0":"post-3772","1":"page","2":"type-page","3":"status-publish","5":"entry","6":"has-post-thumbnail"},"acf":[],"yoast_head":"<!-- This site is optimized with the Yoast SEO plugin v27.4 - https:\/\/yoast.com\/product\/yoast-seo-wordpress\/ -->\n<title>Familias - Healthy Brain and Child Development<\/title>\n<meta name=\"robots\" content=\"index, follow, max-snippet:-1, max-image-preview:large, max-video-preview:-1\" \/>\n<link rel=\"canonical\" href=\"https:\/\/hbcdstudy.org\/es\/families\/\" \/>\n<meta property=\"og:locale\" content=\"es_ES\" \/>\n<meta property=\"og:type\" content=\"article\" \/>\n<meta property=\"og:title\" content=\"Familias - Healthy Brain and Child Development\" \/>\n<meta property=\"og:description\" content=\"ACERCA DEL ESTUDIO El Estudio HBCD inscribir\u00e1 a aproximadamente 7,500 familias participantes de todo los Estados Unidos y realizar\u00e1 un seguimiento a ellas y a sus hijos durante la infancia temprana. Queremos comprender c\u00f3mo se... Read More\" \/>\n<meta property=\"og:url\" content=\"https:\/\/hbcdstudy.org\/es\/families\/\" \/>\n<meta property=\"og:site_name\" content=\"Healthy Brain and Child Development\" \/>\n<meta property=\"article:publisher\" content=\"https:\/\/www.facebook.com\/hbcdstudy\" \/>\n<meta property=\"article:modified_time\" content=\"2026-04-09T15:35:07+00:00\" \/>\n<meta name=\"twitter:card\" content=\"summary_large_image\" \/>\n<meta name=\"twitter:label1\" content=\"Tiempo de lectura\" \/>\n\t<meta name=\"twitter:data1\" content=\"3 minutos\" \/>\n<script type=\"application\/ld+json\" class=\"yoast-schema-graph\">{\"@context\":\"https:\\\/\\\/schema.org\",\"@graph\":[{\"@type\":\"WebPage\",\"@id\":\"https:\\\/\\\/hbcdstudy.org\\\/es\\\/families\\\/\",\"url\":\"https:\\\/\\\/hbcdstudy.org\\\/es\\\/families\\\/\",\"name\":\"Familias - Healthy Brain and Child Development\",\"isPartOf\":{\"@id\":\"https:\\\/\\\/hbcdstudy.org\\\/#website\"},\"datePublished\":\"2023-03-31T09:36:14+00:00\",\"dateModified\":\"2026-04-09T15:35:07+00:00\",\"breadcrumb\":{\"@id\":\"https:\\\/\\\/hbcdstudy.org\\\/es\\\/families\\\/#breadcrumb\"},\"inLanguage\":\"es\",\"potentialAction\":[{\"@type\":\"ReadAction\",\"target\":[\"https:\\\/\\\/hbcdstudy.org\\\/es\\\/families\\\/\"]}]},{\"@type\":\"BreadcrumbList\",\"@id\":\"https:\\\/\\\/hbcdstudy.org\\\/es\\\/families\\\/#breadcrumb\",\"itemListElement\":[{\"@type\":\"ListItem\",\"position\":1,\"name\":\"Home\",\"item\":\"https:\\\/\\\/hbcdstudy.org\\\/es\\\/\"},{\"@type\":\"ListItem\",\"position\":2,\"name\":\"Familias\"}]},{\"@type\":\"WebSite\",\"@id\":\"https:\\\/\\\/hbcdstudy.org\\\/#website\",\"url\":\"https:\\\/\\\/hbcdstudy.org\\\/\",\"name\":\"HEALthy Brain and Child Development (HBCD) Study\",\"description\":\"\",\"publisher\":{\"@id\":\"https:\\\/\\\/hbcdstudy.org\\\/#organization\"},\"potentialAction\":[{\"@type\":\"SearchAction\",\"target\":{\"@type\":\"EntryPoint\",\"urlTemplate\":\"https:\\\/\\\/hbcdstudy.org\\\/?s={search_term_string}\"},\"query-input\":{\"@type\":\"PropertyValueSpecification\",\"valueRequired\":true,\"valueName\":\"search_term_string\"}}],\"inLanguage\":\"es\"},{\"@type\":\"Organization\",\"@id\":\"https:\\\/\\\/hbcdstudy.org\\\/#organization\",\"name\":\"HEALthy Brain and Child Development (HBCD) Study\",\"url\":\"https:\\\/\\\/hbcdstudy.org\\\/\",\"logo\":{\"@type\":\"ImageObject\",\"inLanguage\":\"es\",\"@id\":\"https:\\\/\\\/hbcdstudy.org\\\/#\\\/schema\\\/logo\\\/image\\\/\",\"url\":\"https:\\\/\\\/hbcdstudy.org\\\/wp-content\\\/uploads\\\/2025\\\/07\\\/download.jpg\",\"contentUrl\":\"https:\\\/\\\/hbcdstudy.org\\\/wp-content\\\/uploads\\\/2025\\\/07\\\/download.jpg\",\"width\":265,\"height\":148,\"caption\":\"HEALthy Brain and Child Development (HBCD) Study\"},\"image\":{\"@id\":\"https:\\\/\\\/hbcdstudy.org\\\/#\\\/schema\\\/logo\\\/image\\\/\"},\"sameAs\":[\"https:\\\/\\\/www.facebook.com\\\/hbcdstudy\",\"https:\\\/\\\/www.instagram.com\\\/hbcdstudy\\\/\",\"https:\\\/\\\/www.youtube.com\\\/@HBCD-Study\"]}]}<\/script>\n<!-- \/ Yoast SEO plugin. -->","yoast_head_json":{"title":"Familias - Healthy Brain and Child Development","robots":{"index":"index","follow":"follow","max-snippet":"max-snippet:-1","max-image-preview":"max-image-preview:large","max-video-preview":"max-video-preview:-1"},"canonical":"https:\/\/hbcdstudy.org\/es\/families\/","og_locale":"es_ES","og_type":"article","og_title":"Familias - Healthy Brain and Child Development","og_description":"ACERCA DEL ESTUDIO El Estudio HBCD inscribir\u00e1 a aproximadamente 7,500 familias participantes de todo los Estados Unidos y realizar\u00e1 un seguimiento a ellas y a sus hijos durante la infancia temprana. Queremos comprender c\u00f3mo se... Read More","og_url":"https:\/\/hbcdstudy.org\/es\/families\/","og_site_name":"Healthy Brain and Child Development","article_publisher":"https:\/\/www.facebook.com\/hbcdstudy","article_modified_time":"2026-04-09T15:35:07+00:00","twitter_card":"summary_large_image","twitter_misc":{"Tiempo de lectura":"3 minutos"},"schema":{"@context":"https:\/\/schema.org","@graph":[{"@type":"WebPage","@id":"https:\/\/hbcdstudy.org\/es\/families\/","url":"https:\/\/hbcdstudy.org\/es\/families\/","name":"Familias - Healthy Brain and Child Development","isPartOf":{"@id":"https:\/\/hbcdstudy.org\/#website"},"datePublished":"2023-03-31T09:36:14+00:00","dateModified":"2026-04-09T15:35:07+00:00","breadcrumb":{"@id":"https:\/\/hbcdstudy.org\/es\/families\/#breadcrumb"},"inLanguage":"es","potentialAction":[{"@type":"ReadAction","target":["https:\/\/hbcdstudy.org\/es\/families\/"]}]},{"@type":"BreadcrumbList","@id":"https:\/\/hbcdstudy.org\/es\/families\/#breadcrumb","itemListElement":[{"@type":"ListItem","position":1,"name":"Home","item":"https:\/\/hbcdstudy.org\/es\/"},{"@type":"ListItem","position":2,"name":"Familias"}]},{"@type":"WebSite","@id":"https:\/\/hbcdstudy.org\/#website","url":"https:\/\/hbcdstudy.org\/","name":"HEALthy Brain and Child Development (HBCD) Study","description":"","publisher":{"@id":"https:\/\/hbcdstudy.org\/#organization"},"potentialAction":[{"@type":"SearchAction","target":{"@type":"EntryPoint","urlTemplate":"https:\/\/hbcdstudy.org\/?s={search_term_string}"},"query-input":{"@type":"PropertyValueSpecification","valueRequired":true,"valueName":"search_term_string"}}],"inLanguage":"es"},{"@type":"Organization","@id":"https:\/\/hbcdstudy.org\/#organization","name":"HEALthy Brain and Child Development (HBCD) Study","url":"https:\/\/hbcdstudy.org\/","logo":{"@type":"ImageObject","inLanguage":"es","@id":"https:\/\/hbcdstudy.org\/#\/schema\/logo\/image\/","url":"https:\/\/hbcdstudy.org\/wp-content\/uploads\/2025\/07\/download.jpg","contentUrl":"https:\/\/hbcdstudy.org\/wp-content\/uploads\/2025\/07\/download.jpg","width":265,"height":148,"caption":"HEALthy Brain and Child Development (HBCD) Study"},"image":{"@id":"https:\/\/hbcdstudy.org\/#\/schema\/logo\/image\/"},"sameAs":["https:\/\/www.facebook.com\/hbcdstudy","https:\/\/www.instagram.com\/hbcdstudy\/","https:\/\/www.youtube.com\/@HBCD-Study"]}]}},"_links":{"self":[{"href":"https:\/\/hbcdstudy.org\/es\/wp-json\/wp\/v2\/pages\/3772","targetHints":{"allow":["GET"]}}],"collection":[{"href":"https:\/\/hbcdstudy.org\/es\/wp-json\/wp\/v2\/pages"}],"about":[{"href":"https:\/\/hbcdstudy.org\/es\/wp-json\/wp\/v2\/types\/page"}],"author":[{"embeddable":true,"href":"https:\/\/hbcdstudy.org\/es\/wp-json\/wp\/v2\/users\/1"}],"replies":[{"embeddable":true,"href":"https:\/\/hbcdstudy.org\/es\/wp-json\/wp\/v2\/comments?post=3772"}],"version-history":[{"count":0,"href":"https:\/\/hbcdstudy.org\/es\/wp-json\/wp\/v2\/pages\/3772\/revisions"}],"wp:attachment":[{"href":"https:\/\/hbcdstudy.org\/es\/wp-json\/wp\/v2\/media?parent=3772"}],"curies":[{"name":"wp","href":"https:\/\/api.w.org\/{rel}","templated":true}]}}